{"id":3091,"date":"2022-09-04T19:45:28","date_gmt":"2022-09-05T00:45:28","guid":{"rendered":"https:\/\/insidegroup.us\/co\/?page_id=3091"},"modified":"2022-09-04T19:46:27","modified_gmt":"2022-09-05T00:46:27","slug":"politica-de-privacidad","status":"publish","type":"page","link":"https:\/\/insidegroup.us\/co\/politica-de-privacidad\/","title":{"rendered":"Inside Group Politica de Privacidad"},"content":{"rendered":"<p>[et_pb_section fb_built=&#8221;1&#8243; admin_label=&#8221;Page Title Section&#8221; _builder_version=&#8221;4.17.4&#8243; use_background_color_gradient=&#8221;on&#8221; background_color_gradient_direction=&#8221;120deg&#8221; background_color_gradient_stops=&#8221;#000000 0%|rgba(0,0,0,0) 100%&#8221; background_color_gradient_overlays_image=&#8221;on&#8221; background_color_gradient_start=&#8221;#000000&#8243; background_color_gradient_end=&#8221;rgba(0,0,0,0)&#8221; background_image=&#8221;https:\/\/insidegroup.us\/co\/wp-content\/uploads\/2022\/06\/cleintes-como-voceros-1.png&#8221; custom_padding=&#8221;110px||110px|&#8221; hover_enabled=&#8221;0&#8243; global_colors_info=&#8221;{}&#8221; _module_preset=&#8221;default&#8221; theme_builder_area=&#8221;post_content&#8221; alt=&#8221;Politica-de-privacidad&#8221; title_text=&#8221;Politica-de-provacidad-y-manejo-de-datos&#8221; sticky_enabled=&#8221;0&#8243; da_is_popup=&#8221;off&#8221; da_exit_intent=&#8221;off&#8221; da_has_close=&#8221;on&#8221; da_alt_close=&#8221;off&#8221; da_dark_close=&#8221;off&#8221; da_not_modal=&#8221;on&#8221; da_is_singular=&#8221;off&#8221; da_with_loader=&#8221;off&#8221; da_has_shadow=&#8221;on&#8221; da_disable_devices=&#8221;off|off|off&#8221;][et_pb_row admin_label=&#8221;Page Title Area&#8221; _builder_version=&#8221;4.16&#8243; background_size=&#8221;initial&#8221; background_position=&#8221;top_left&#8221; background_repeat=&#8221;repeat&#8221; global_colors_info=&#8221;{}&#8221; _module_preset=&#8221;default&#8221; column_structure=&#8221;1_2,1_2&#8243; theme_builder_area=&#8221;post_content&#8221;][et_pb_column type=&#8221;1_2&#8243; _builder_version=&#8221;4.16&#8243; custom_padding=&#8221;|||&#8221; global_colors_info=&#8221;{}&#8221; custom_padding__hover=&#8221;|||&#8221; _module_preset=&#8221;default&#8221; theme_builder_area=&#8221;post_content&#8221;][et_pb_text admin_label=&#8221;Title&#8221; _builder_version=&#8221;4.16&#8243; text_font=&#8221;||||||||&#8221; header_font=&#8221;Poppins|600|||||||&#8221; header_font_size=&#8221;60px&#8221; header_line_height=&#8221;1.2em&#8221; header_2_font=&#8221;||||||||&#8221; header_2_font_size=&#8221;60px&#8221; background_layout=&#8221;dark&#8221; custom_margin=&#8221;||20px|&#8221; custom_padding=&#8221;|||81px||&#8221; animation_style=&#8221;fade&#8221; header_font_size_tablet=&#8221;&#8221; header_font_size_phone=&#8221;40px&#8221; header_font_size_last_edited=&#8221;on|phone&#8221; global_colors_info=&#8221;{}&#8221; _module_preset=&#8221;default&#8221; theme_builder_area=&#8221;post_content&#8221;]<\/p>\n<h1>Politica de Privacidad<\/h1>\n<p>[\/et_pb_text][et_pb_text admin_label=&#8221;Page Subtitle&#8221; _builder_version=&#8221;4.17.4&#8243; text_font=&#8221;Poppins||||||||&#8221; text_font_size=&#8221;18px&#8221; text_line_height=&#8221;1.8em&#8221; header_font=&#8221;||||||||&#8221; background_layout=&#8221;dark&#8221; animation_style=&#8221;fade&#8221; hover_enabled=&#8221;0&#8243; global_colors_info=&#8221;{}&#8221; _module_preset=&#8221;default&#8221; theme_builder_area=&#8221;post_content&#8221; sticky_enabled=&#8221;0&#8243;]<\/p>\n<p style=\"text-align: center;\">Cuando nosotros recogemos, guardamos y verificamos sus datos<\/p>\n<p>[\/et_pb_text][\/et_pb_column][et_pb_column type=&#8221;1_2&#8243; _builder_version=&#8221;4.16&#8243; custom_padding=&#8221;|||&#8221; global_colors_info=&#8221;{}&#8221; custom_padding__hover=&#8221;|||&#8221; _module_preset=&#8221;default&#8221; theme_builder_area=&#8221;post_content&#8221;][\/et_pb_column][\/et_pb_row][\/et_pb_section][et_pb_section fb_built=&#8221;1&#8243; admin_label=&#8221;About Us Section&#8221; _builder_version=&#8221;4.16&#8243; background_color=&#8221;#efe9e4&#8243; custom_padding=&#8221;100px||100px|&#8221; global_colors_info=&#8221;{}&#8221; _module_preset=&#8221;default&#8221; theme_builder_area=&#8221;post_content&#8221; da_is_popup=&#8221;off&#8221; da_exit_intent=&#8221;off&#8221; da_has_close=&#8221;on&#8221; da_alt_close=&#8221;off&#8221; da_dark_close=&#8221;off&#8221; da_not_modal=&#8221;on&#8221; da_is_singular=&#8221;off&#8221; da_with_loader=&#8221;off&#8221; da_has_shadow=&#8221;on&#8221; da_disable_devices=&#8221;off|off|off&#8221;][et_pb_row admin_label=&#8221;About Us Area&#8221; _builder_version=&#8221;4.16&#8243; global_colors_info=&#8221;{}&#8221; _module_preset=&#8221;default&#8221; theme_builder_area=&#8221;post_content&#8221;][et_pb_column type=&#8221;4_4&#8243; _builder_version=&#8221;4.16&#8243; custom_padding=&#8221;|||&#8221; global_colors_info=&#8221;{}&#8221; custom_padding__hover=&#8221;|||&#8221; _module_preset=&#8221;default&#8221; theme_builder_area=&#8221;post_content&#8221;][et_pb_text admin_label=&#8221;Title&#8221; _builder_version=&#8221;4.16&#8243; text_font=&#8221;||||||||&#8221; header_font=&#8221;||||||||&#8221; header_2_font=&#8221;Poppins|600|||||||&#8221; header_2_text_align=&#8221;center&#8221; header_2_font_size=&#8221;36px&#8221; header_2_line_height=&#8221;1.2em&#8221; max_width=&#8221;525px&#8221; module_alignment=&#8221;center&#8221; custom_margin=&#8221;||0px|&#8221; animation_style=&#8221;fade&#8221; global_colors_info=&#8221;{}&#8221; _module_preset=&#8221;default&#8221; theme_builder_area=&#8221;post_content&#8221;]<\/p>\n<h2>Polit\u00edca de Privacidad<\/h2>\n<p>[\/et_pb_text][et_pb_divider color=&#8221;#fdb467&#8243; divider_position=&#8221;center&#8221; divider_weight=&#8221;3px&#8221; _builder_version=&#8221;4.16&#8243; max_width=&#8221;50px&#8221; module_alignment=&#8221;center&#8221; custom_margin=&#8221;|||&#8221; animation_style=&#8221;slide&#8221; animation_direction=&#8221;top&#8221; animation_intensity_slide=&#8221;10%&#8221; animation_starting_opacity=&#8221;100%&#8221; global_colors_info=&#8221;{}&#8221; _module_preset=&#8221;default&#8221; theme_builder_area=&#8221;post_content&#8221;][\/et_pb_divider][et_pb_text _builder_version=&#8221;4.16&#8243; text_font=&#8221;Poppins||||||||&#8221; text_font_size=&#8221;18px&#8221; text_line_height=&#8221;1.8em&#8221; text_orientation=&#8221;center&#8221; max_width=&#8221;750px&#8221; module_alignment=&#8221;center&#8221; custom_margin=&#8221;|||&#8221; custom_padding=&#8221;|||&#8221; animation_style=&#8221;fade&#8221; global_colors_info=&#8221;{}&#8221; _module_preset=&#8221;default&#8221; theme_builder_area=&#8221;post_content&#8221;]<\/p>\n<p>El sitio web www.insidegroup.us\/co es propiedad de Inside Group dise\u00f1o y Publicidad, que es un controlador de datos de tus datos personales.<\/p>\n<p>Hemos adoptado esta Pol\u00edtica de privacidad, que determina c\u00f3mo procesamos la informaci\u00f3n recopilada por www.insidegroup.us\/co, que tambi\u00e9n proporciona las razones por las que debemos recopilar ciertos datos personales sobre ti. Por lo tanto, debes leer esta Pol\u00edtica de privacidad antes de usar el sitio web de www.insidegroup.us\/co.<\/p>\n<p>Cuidamos tus datos personales y nos comprometemos a garantizar su confidencialidad y seguridad.<\/p>\n<h4>Informaci\u00f3n personal que recopilamos:<\/h4>\n<p>Cuando visitas www.insidegroup.us\/co, recopilamos autom\u00e1ticamente cierta informaci\u00f3n sobre tu dispositivo, incluida informaci\u00f3n sobre tu navegador web, direcci\u00f3n IP, zona horaria y algunas de las cookies instaladas en tu dispositivo. Adem\u00e1s, a medida que navegas por el sitio, recopilamos informaci\u00f3n sobre las p\u00e1ginas web individuales o los productos que ves, qu\u00e9 sitios web o t\u00e9rminos de b\u00fasqueda te remitieron al sitio y c\u00f3mo interact\u00faas con \u00e9l. Nos referimos a esta informaci\u00f3n recopilada autom\u00e1ticamente como &#8220;Informaci\u00f3n del dispositivo&#8221;. Adem\u00e1s, podemos recopilar los datos personales que nos proporcionas (incluidos, entre otros, nombre, apellido, direcci\u00f3n, informaci\u00f3n de pago, etc.) durante el registro para poder cumplir con el acuerdo.<\/p>\n<h4>\u00bfPor qu\u00e9 procesamos tus datos?<\/h4>\n<p>Nuestra m\u00e1xima prioridad es la seguridad de los datos del cliente y, como tal, podemos procesar solo los datos m\u00ednimos del usuario, solo en la medida en que sea absolutamente necesario para mantener el sitio web. La informaci\u00f3n recopilada autom\u00e1ticamente se utiliza solo para identificar casos potenciales de abuso y establecer informaci\u00f3n estad\u00edstica sobre el uso del sitio web. Esta informaci\u00f3n estad\u00edstica no se agrega de tal manera que identifique a ning\u00fan usuario en particular del sistema.<\/p>\n<p>Puedes visitar el sitio sin decirnos qui\u00e9n eres ni revelar ninguna informaci\u00f3n por la cual alguien pueda identificarte como una persona espec\u00edfica. Sin embargo, si deseas utilizar algunas de las funciones del sitio web, o deseas recibir nuestro bolet\u00edn informativo o proporcionar otros detalles al completar un formulario, puedes proporcionarnos datos personales, como tu correo electr\u00f3nico, nombre, apellido, ciudad de residencia, organizaci\u00f3n y n\u00famero de tel\u00e9fono. Puedes optar por no proporcionar tus datos personales, pero es posible que no puedas aprovechar algunas de las funciones del sitio web. Por ejemplo, no podr\u00e1s recibir nuestro bolet\u00edn ni contactarnos directamente desde el sitio web. Los usuarios que no est\u00e9n seguros de qu\u00e9 informaci\u00f3n es obligatoria pueden ponerse en contacto con nosotros a trav\u00e9s de info@insidegroup.us\/co.<\/p>\n<h4>Tus derechos:<\/h4>\n<p>Si eres residente europeo, tienes los siguientes derechos relacionados con tus datos personales:<\/p>\n<ul>\n<li style=\"text-align: left;\">El derecho a ser informado.<\/li>\n<li style=\"text-align: left;\">El derecho de acceso.<\/li>\n<li style=\"text-align: left;\">El derecho a la rectificaci\u00f3n.<\/li>\n<li style=\"text-align: left;\">El derecho a borrar.<\/li>\n<li style=\"text-align: left;\">El derecho a restringir el procesamiento.<\/li>\n<li style=\"text-align: left;\">El derecho a la portabilidad de datos.<\/li>\n<li style=\"text-align: left;\">El derecho a oponerte.<\/li>\n<li>Derechos en relaci\u00f3n con la toma de decisiones automatizada y la elaboraci\u00f3n de perfiles.<\/li>\n<\/ul>\n<p>Si deseas ejercer este derecho, comun\u00edcate con nosotros a trav\u00e9s de la informaci\u00f3n de contacto a continuaci\u00f3n.<\/p>\n<p>Adem\u00e1s, si eres residente europeo, destacamos que estamos procesando tu informaci\u00f3n para cumplir con los contratos que podr\u00edamos tener contigo (por ejemplo, si realizas un pedido a trav\u00e9s del sitio), o de otra manera para seguir nuestros intereses comerciales leg\u00edtimos enumerados anteriormente. Adem\u00e1s, ten en cuenta que tu informaci\u00f3n puede transferirse fuera de Europa, incluidos Canad\u00e1 y Estados Unidos.<\/p>\n<h4>Enlaces a otros sitios web:<\/h4>\n<p>Nuestro sitio puede contener enlaces a otros sitios web que no son de nuestra propiedad ni est\u00e1n controlados por nosotros. Ten en cuenta que no somos responsables de dichos sitios web ni de las pr\u00e1cticas de privacidad de terceros. Te recomendamos que est\u00e9s atento cuando abandones nuestro sitio web y leas las declaraciones de privacidad de cada sitio que pueda recopilar informaci\u00f3n personal.<\/p>\n<h4>Seguridad de la informaci\u00f3n:<\/h4>\n<p>Aseguramos la informaci\u00f3n que proporcionas en servidores inform\u00e1ticos en un entorno controlado y seguro, protegido del acceso, uso o divulgaci\u00f3n no autorizados. Mantenemos medidas de seguridad administrativas, t\u00e9cnicas y f\u00edsicas razonables para proteger contra el acceso no autorizado, el uso, la modificaci\u00f3n y la divulgaci\u00f3n de datos personales bajo su control y custodia. Sin embargo, no se puede garantizar la transmisi\u00f3n de datos a trav\u00e9s de Internet o redes inal\u00e1mbricas.<\/p>\n<h4>Divulgaci\u00f3n legal:<\/h4>\n<p>Divulgaremos cualquier informaci\u00f3n que recopilemos, usemos o recibamos si as\u00ed lo requiere o lo permite la ley, como para cumplir con una citaci\u00f3n o un proceso legal similar, y cuando creemos de buena fe que la divulgaci\u00f3n es necesaria para proteger nuestros derechos, proteger tu seguridad o la seguridad de los dem\u00e1s, investigar el fraude o responder a una solicitud del gobierno.<\/p>\n<h4>Informaci\u00f3n de contacto:<\/h4>\n<p>Si deseas comunicarte con nosotros para comprender m\u00e1s sobre esta Pol\u00edtica o deseas comunicarte con nosotros en relaci\u00f3n con cualquier asunto sobre los derechos individuales y tu informaci\u00f3n personal, puedes enviarnos un correo electr\u00f3nico a info@insidegroup.us\/co.<\/p>\n<p>[\/et_pb_text][\/et_pb_column][\/et_pb_row][\/et_pb_section]<\/p>\n","protected":false},"excerpt":{"rendered":"<p>Politica de PrivacidadCuando nosotros recogemos, guardamos y verificamos sus datosPolit\u00edca de PrivacidadEl sitio web www.insidegroup.us\/co es propiedad de Inside Group dise\u00f1o y Publicidad, que es un controlador de datos de tus datos personales. Hemos adoptado esta Pol\u00edtica de privacidad, que determina c\u00f3mo procesamos la informaci\u00f3n recopilada por www.insidegroup.us\/co, que tambi\u00e9n proporciona las razones por las [&hellip;]<\/p>\n","protected":false},"author":1,"featured_media":0,"parent":0,"menu_order":0,"comment_status":"closed","ping_status":"closed","template":"","meta":{"_et_pb_use_builder":"on","_et_pb_old_content":"","_et_gb_content_width":"","footnotes":""},"class_list":["post-3091","page","type-page","status-publish","hentry"],"yoast_head":"<!-- This site is optimized with the Yoast SEO plugin v27.3 - https:\/\/yoast.com\/product\/yoast-seo-wordpress\/ -->\n<title>Inside Group Politica de Privacidad - Agencia digital SEO en Bogot\u00e1 Colombia, Tel\u00e9fono 310 809 65 08 - 310 209 90 67<\/title>\n<meta name=\"robots\" content=\"index, follow, max-snippet:-1, max-image-preview:large, max-video-preview:-1\" \/>\n<link rel=\"canonical\" href=\"https:\/\/insidegroup.us\/co\/politica-de-privacidad\/\" \/>\n<meta property=\"og:locale\" content=\"es_ES\" \/>\n<meta property=\"og:type\" content=\"article\" \/>\n<meta property=\"og:title\" content=\"Inside Group Politica de Privacidad - Agencia digital SEO en Bogot\u00e1 Colombia, Tel\u00e9fono 310 809 65 08 - 310 209 90 67\" \/>\n<meta property=\"og:url\" content=\"https:\/\/insidegroup.us\/co\/politica-de-privacidad\/\" \/>\n<meta property=\"og:site_name\" content=\"Agencia digital SEO en Bogot\u00e1 Colombia, Tel\u00e9fono 310 809 65 08 - 310 209 90 67\" \/>\n<meta property=\"article:modified_time\" content=\"2022-09-05T00:46:27+00:00\" \/>\n<meta name=\"twitter:card\" content=\"summary_large_image\" \/>\n<meta name=\"twitter:label1\" content=\"Tiempo de lectura\" \/>\n\t<meta name=\"twitter:data1\" content=\"7 minutos\" \/>\n<script type=\"application\/ld+json\" class=\"yoast-schema-graph\">{\"@context\":\"https:\\\/\\\/schema.org\",\"@graph\":[{\"@type\":\"WebPage\",\"@id\":\"https:\\\/\\\/insidegroup.us\\\/co\\\/politica-de-privacidad\\\/\",\"url\":\"https:\\\/\\\/insidegroup.us\\\/co\\\/politica-de-privacidad\\\/\",\"name\":\"Inside Group Politica de Privacidad - Agencia digital SEO en Bogot\u00e1 Colombia, Tel\u00e9fono 310 809 65 08 - 310 209 90 67\",\"isPartOf\":{\"@id\":\"https:\\\/\\\/insidegroup.us\\\/co\\\/#website\"},\"datePublished\":\"2022-09-05T00:45:28+00:00\",\"dateModified\":\"2022-09-05T00:46:27+00:00\",\"breadcrumb\":{\"@id\":\"https:\\\/\\\/insidegroup.us\\\/co\\\/politica-de-privacidad\\\/#breadcrumb\"},\"inLanguage\":\"es-CO\",\"potentialAction\":[{\"@type\":\"ReadAction\",\"target\":[\"https:\\\/\\\/insidegroup.us\\\/co\\\/politica-de-privacidad\\\/\"]}]},{\"@type\":\"BreadcrumbList\",\"@id\":\"https:\\\/\\\/insidegroup.us\\\/co\\\/politica-de-privacidad\\\/#breadcrumb\",\"itemListElement\":[{\"@type\":\"ListItem\",\"position\":1,\"name\":\"Inicio\",\"item\":\"https:\\\/\\\/insidegroup.us\\\/co\\\/\"},{\"@type\":\"ListItem\",\"position\":2,\"name\":\"Inside Group Politica de Privacidad\"}]},{\"@type\":\"WebSite\",\"@id\":\"https:\\\/\\\/insidegroup.us\\\/co\\\/#website\",\"url\":\"https:\\\/\\\/insidegroup.us\\\/co\\\/\",\"name\":\"Agencia digital SEO en Bogot\u00e1 Colombia, Tel\u00e9fono 310 809 65 08 - 310 209 90 67\",\"description\":\"Desarrollamos dise\u00f1os de p\u00e1ginas Web con estrategias en SEO y SEM, Traffiker, Lead Convert, Marketing de Contenidos,Manejo de redes sociales. llamenos. 310 8096508 aginas de aterrizaje\",\"publisher\":{\"@id\":\"https:\\\/\\\/insidegroup.us\\\/co\\\/#organization\"},\"potentialAction\":[{\"@type\":\"SearchAction\",\"target\":{\"@type\":\"EntryPoint\",\"urlTemplate\":\"https:\\\/\\\/insidegroup.us\\\/co\\\/?s={search_term_string}\"},\"query-input\":{\"@type\":\"PropertyValueSpecification\",\"valueRequired\":true,\"valueName\":\"search_term_string\"}}],\"inLanguage\":\"es-CO\"},{\"@type\":\"Organization\",\"@id\":\"https:\\\/\\\/insidegroup.us\\\/co\\\/#organization\",\"name\":\"Inside Group - Agencia SEO Digital - Redes Sociales - SEM - Dise\u00f1o de P\u00e1ginas Web\",\"url\":\"https:\\\/\\\/insidegroup.us\\\/co\\\/\",\"logo\":{\"@type\":\"ImageObject\",\"inLanguage\":\"es-CO\",\"@id\":\"https:\\\/\\\/insidegroup.us\\\/co\\\/#\\\/schema\\\/logo\\\/image\\\/\",\"url\":\"https:\\\/\\\/insidegroup.us\\\/co\\\/wp-content\\\/uploads\\\/2022\\\/04\\\/logo_insie-group.png\",\"contentUrl\":\"https:\\\/\\\/insidegroup.us\\\/co\\\/wp-content\\\/uploads\\\/2022\\\/04\\\/logo_insie-group.png\",\"width\":332,\"height\":132,\"caption\":\"Inside Group - Agencia SEO Digital - Redes Sociales - SEM - Dise\u00f1o de P\u00e1ginas Web\"},\"image\":{\"@id\":\"https:\\\/\\\/insidegroup.us\\\/co\\\/#\\\/schema\\\/logo\\\/image\\\/\"}}]}<\/script>\n<!-- \/ Yoast SEO plugin. -->","yoast_head_json":{"title":"Inside Group Politica de Privacidad - Agencia digital SEO en Bogot\u00e1 Colombia, Tel\u00e9fono 310 809 65 08 - 310 209 90 67","robots":{"index":"index","follow":"follow","max-snippet":"max-snippet:-1","max-image-preview":"max-image-preview:large","max-video-preview":"max-video-preview:-1"},"canonical":"https:\/\/insidegroup.us\/co\/politica-de-privacidad\/","og_locale":"es_ES","og_type":"article","og_title":"Inside Group Politica de Privacidad - Agencia digital SEO en Bogot\u00e1 Colombia, Tel\u00e9fono 310 809 65 08 - 310 209 90 67","og_url":"https:\/\/insidegroup.us\/co\/politica-de-privacidad\/","og_site_name":"Agencia digital SEO en Bogot\u00e1 Colombia, Tel\u00e9fono 310 809 65 08 - 310 209 90 67","article_modified_time":"2022-09-05T00:46:27+00:00","twitter_card":"summary_large_image","twitter_misc":{"Tiempo de lectura":"7 minutos"},"schema":{"@context":"https:\/\/schema.org","@graph":[{"@type":"WebPage","@id":"https:\/\/insidegroup.us\/co\/politica-de-privacidad\/","url":"https:\/\/insidegroup.us\/co\/politica-de-privacidad\/","name":"Inside Group Politica de Privacidad - Agencia digital SEO en Bogot\u00e1 Colombia, Tel\u00e9fono 310 809 65 08 - 310 209 90 67","isPartOf":{"@id":"https:\/\/insidegroup.us\/co\/#website"},"datePublished":"2022-09-05T00:45:28+00:00","dateModified":"2022-09-05T00:46:27+00:00","breadcrumb":{"@id":"https:\/\/insidegroup.us\/co\/politica-de-privacidad\/#breadcrumb"},"inLanguage":"es-CO","potentialAction":[{"@type":"ReadAction","target":["https:\/\/insidegroup.us\/co\/politica-de-privacidad\/"]}]},{"@type":"BreadcrumbList","@id":"https:\/\/insidegroup.us\/co\/politica-de-privacidad\/#breadcrumb","itemListElement":[{"@type":"ListItem","position":1,"name":"Inicio","item":"https:\/\/insidegroup.us\/co\/"},{"@type":"ListItem","position":2,"name":"Inside Group Politica de Privacidad"}]},{"@type":"WebSite","@id":"https:\/\/insidegroup.us\/co\/#website","url":"https:\/\/insidegroup.us\/co\/","name":"Agencia digital SEO en Bogot\u00e1 Colombia, Tel\u00e9fono 310 809 65 08 - 310 209 90 67","description":"Desarrollamos dise\u00f1os de p\u00e1ginas Web con estrategias en SEO y SEM, Traffiker, Lead Convert, Marketing de Contenidos,Manejo de redes sociales. llamenos. 310 8096508 aginas de aterrizaje","publisher":{"@id":"https:\/\/insidegroup.us\/co\/#organization"},"potentialAction":[{"@type":"SearchAction","target":{"@type":"EntryPoint","urlTemplate":"https:\/\/insidegroup.us\/co\/?s={search_term_string}"},"query-input":{"@type":"PropertyValueSpecification","valueRequired":true,"valueName":"search_term_string"}}],"inLanguage":"es-CO"},{"@type":"Organization","@id":"https:\/\/insidegroup.us\/co\/#organization","name":"Inside Group - Agencia SEO Digital - Redes Sociales - SEM - Dise\u00f1o de P\u00e1ginas Web","url":"https:\/\/insidegroup.us\/co\/","logo":{"@type":"ImageObject","inLanguage":"es-CO","@id":"https:\/\/insidegroup.us\/co\/#\/schema\/logo\/image\/","url":"https:\/\/insidegroup.us\/co\/wp-content\/uploads\/2022\/04\/logo_insie-group.png","contentUrl":"https:\/\/insidegroup.us\/co\/wp-content\/uploads\/2022\/04\/logo_insie-group.png","width":332,"height":132,"caption":"Inside Group - Agencia SEO Digital - Redes Sociales - SEM - Dise\u00f1o de P\u00e1ginas Web"},"image":{"@id":"https:\/\/insidegroup.us\/co\/#\/schema\/logo\/image\/"}}]}},"_links":{"self":[{"href":"https:\/\/insidegroup.us\/co\/wp-json\/wp\/v2\/pages\/3091","targetHints":{"allow":["GET"]}}],"collection":[{"href":"https:\/\/insidegroup.us\/co\/wp-json\/wp\/v2\/pages"}],"about":[{"href":"https:\/\/insidegroup.us\/co\/wp-json\/wp\/v2\/types\/page"}],"author":[{"embeddable":true,"href":"https:\/\/insidegroup.us\/co\/wp-json\/wp\/v2\/users\/1"}],"replies":[{"embeddable":true,"href":"https:\/\/insidegroup.us\/co\/wp-json\/wp\/v2\/comments?post=3091"}],"version-history":[{"count":0,"href":"https:\/\/insidegroup.us\/co\/wp-json\/wp\/v2\/pages\/3091\/revisions"}],"wp:attachment":[{"href":"https:\/\/insidegroup.us\/co\/wp-json\/wp\/v2\/media?parent=3091"}],"curies":[{"name":"wp","href":"https:\/\/api.w.org\/{rel}","templated":true}]}}